{"id":725,"date":"2026-03-12T19:20:25","date_gmt":"2026-03-12T19:20:25","guid":{"rendered":"https:\/\/gadpuertorodriguez.gob.ec\/?page_id=725"},"modified":"2026-03-12T19:29:05","modified_gmt":"2026-03-12T19:29:05","slug":"lotaip-enero-2026","status":"publish","type":"page","link":"https:\/\/gadpuertorodriguez.gob.ec\/?page_id=725","title":{"rendered":"LOTAIP \u2013 ENERO 2026"},"content":{"rendered":"\n<p><strong>Informaci\u00f3n mensual.<\/strong><\/p>\n\n\n\n<p><a href=\"https:\/\/drive.google.com\/drive\/folders\/1aNViKvV3brCKzqmrQ7Coj7fLYqR7JuUD?usp=sharing\">1-1 Estructura org\u00e1nica funcional.<\/a><\/p>\n\n\n\n<p><a href=\"https:\/\/drive.google.com\/drive\/folders\/1ZRCZsMaePl4spqZl4cjLB_zOKnu9LoK7?usp=sharing\">1-2 Base legal.<\/a><\/p>\n\n\n\n<p><a href=\"https:\/\/drive.google.com\/drive\/folders\/1I_6u46qtpbn-k-4RuVlsQz52LUc7K5iW?usp=sharing\">1-3 Metas y objetivos.<\/a><\/p>\n\n\n\n<p><a href=\"https:\/\/drive.google.com\/drive\/folders\/1y1Jc4jQLJHYw4_Dv-y06jWX5XAIre42Y?usp=sharing\">2 El directorio completo del organismo, dependencia y\/o persona jur\u00eddica, as\u00ed como el<br>distributivo del personal y su cargo.<\/a><\/p>\n\n\n\n<p><a href=\"https:\/\/drive.google.com\/drive\/folders\/102uNOJIA-Borf-xVdGHZeMQszQEewCV2?usp=sharing\">3 Las remuneraciones salariales.<\/a><\/p>\n\n\n\n<p><a href=\"https:\/\/drive.google.com\/drive\/folders\/1_croGHoky_Orq1xg-IdemYivxvvgpvxl?usp=sharing\">4 Detalle de licencia de servicio y de comisi\u00f3n de servicio.<\/a><\/p>\n\n\n\n<p><a href=\"https:\/\/drive.google.com\/drive\/folders\/1mvax1n_6DAkaw6HW_1sVLaeQbQyrPqrf?usp=sharing\">5-22 Servicios \u2013 Formularios y formatos de solicitudes.<\/a><\/p>\n\n\n\n<p><a href=\"https:\/\/drive.google.com\/drive\/folders\/10LVxOfuOm8fmMvYMHfUAYn5pXdPrU2DR?usp=sharing\">6 Informaci\u00f3n total sobre el presupuesto anual que administra la entidad.<\/a><\/p>\n\n\n\n<p><a href=\"https:\/\/drive.google.com\/drive\/folders\/16C5bBnjfpnCrwYyMkqFMHujJiJiko-0q?usp=sharing\">7 Los resultados definitivos de las auditor\u00edas internas y gubernamentales al ejercicio presupuestario y estudios financieros anuales.<\/a><\/p>\n\n\n\n<p><a href=\"https:\/\/drive.google.com\/drive\/folders\/1rwVrLGqgF0FFFh0b02i1H6sCfUiPcTWw?usp=sharing\">8 Procesos de contrataci\u00f3n p\u00fablica.<\/a><\/p>\n\n\n\n<p><a href=\"https:\/\/drive.google.com\/drive\/folders\/1-ZW29cc_Q4HLOxfr3zATmjuEknuBaHF6?usp=sharing\">9 Listado de las empresas y personas, jur\u00eddicas o naturales, que han incumplido contratos.<\/a><\/p>\n\n\n\n<p><a href=\"https:\/\/gadpuertorodriguez.gob.ec\/?page_id=725\" data-type=\"page\" data-id=\"725\">10 Planes y programas de la entidad en ejecuci\u00f3n.<\/a><\/p>\n\n\n\n<p><a href=\"https:\/\/drive.google.com\/drive\/folders\/1jEKIVgCxiOqAcPL7DC2YZZxyOd7ENasP?usp=sharing\">11 El detalle de los contratos de cr\u00e9dito externos o internos.<\/a><\/p>\n\n\n\n<p><a href=\"https:\/\/drive.google.com\/drive\/folders\/1nAgo-duEYSSSSuaYdc0q4ovTl7TOWpRt?usp=sharing\">12 Mecanismos de rendici\u00f3n de cuentas.<\/a><\/p>\n\n\n\n<p><a href=\"https:\/\/drive.google.com\/drive\/folders\/1gYw0oI8kfq2fOqLL6oPznbaLBYwTXE17?usp=sharing\">13 Los vi\u00e1ticos, informes de trabajo y justificativos de movilizaci\u00f3n nacional o internacional de las autoridades, dignatarios, servidoras y servidores p\u00fablicos.<\/a><\/p>\n\n\n\n<p><a href=\"https:\/\/drive.google.com\/drive\/folders\/16ARTfTWmXoNoOovZyaESaJ4uQfL8CjtW?usp=sharing\">14 Responsables del acceso de informaci\u00f3n p\u00fablica del organismo, dependencia y\/o persona jur\u00eddica.<\/a><\/p>\n\n\n\n<p><a href=\"https:\/\/drive.google.com\/drive\/folders\/1SDD3Cn1szLVyYYC0eSWA0_QAqX_4fhO1?usp=sharing\">15 Texto \u00edntegro de todos los contratos colectivos vigentes y reformas.<\/a><\/p>\n\n\n\n<p><a href=\"https:\/\/drive.google.com\/drive\/folders\/1Mo_c1OMrLjgW3B04mx4tTpHJdKPunIup?usp=sharing\">16 \u00cdndice de informaci\u00f3n reservada.<\/a><\/p>\n\n\n\n<p><a href=\"https:\/\/drive.google.com\/drive\/folders\/1kC7YIZV4tmh1mFy-cIUQThnUskwI1snx?usp=sharing\">17 Audiencias y reuniones sostenidas por las autoridades.<\/a><\/p>\n\n\n\n<p><a href=\"https:\/\/drive.google.com\/drive\/folders\/1K0a7YS9xv8SiA2UsfX8j17Du-GZoDErd?usp=sharing\">18 Detalle de los convenios nacionales e internacionales.<\/a><\/p>\n\n\n\n<p><a href=\"https:\/\/drive.google.com\/drive\/folders\/13WNI2n2v0ULGI60odNDsAtT2UIb4qnEn?usp=sharing\">19 Un detalle actualizado de los donativos oficiales y protocolares.<\/a><\/p>\n\n\n\n<p><a href=\"https:\/\/drive.google.com\/drive\/folders\/1w4LQMZYemNod0GjkJtJnyCZ5ShOIN1Se?usp=sharing\">20 Registro de activos de informaci\u00f3n frecuente y complementaria.<\/a><\/p>\n\n\n\n<p><a href=\"https:\/\/drive.google.com\/drive\/folders\/1EK5qfpexFVgLUj8DRgJd5VmMCy6vKlTZ?usp=sharing\">21 Pol\u00edticas p\u00fablicas o informaci\u00f3n de grupo espec\u00edfico.<\/a><\/p>\n\n\n\n<p><a href=\"https:\/\/drive.google.com\/drive\/folders\/1kv0K5FWa8agTad9nakv5QdEnaFklfFo3?usp=sharing\">23 Datos de las personas servidoras p\u00fablicas incorporadas en cumplimiento de las acciones afirmativas.<\/a><\/p>\n\n\n\n<p><a href=\"https:\/\/drive.google.com\/drive\/folders\/1KoG9Jf_J3Ytn6Oo-FIRv7sCqlMDgAFRj?usp=sharing\">24 Otra informaci\u00f3n que la entidad considere relevante para el ejercicio del derecho.<\/a><\/p>\n\n\n\n<p><a href=\"https:\/\/drive.google.com\/drive\/folders\/1KoG9Jf_J3Ytn6Oo-FIRv7sCqlMDgAFRj?usp=sharing\">ART. 24. Gobiernos Aut\u00f3nomos Descentralizados (GAD).<\/a><\/p>\n\n\n\n<p><a href=\"https:\/\/drive.google.com\/drive\/folders\/1j3obnmZbQ0yvptXcCNoKsO-4QQumcNQ6?usp=sharing\">Transparencia Colaborativa.<\/a><\/p>\n\n\n\n<p><a href=\"https:\/\/drive.google.com\/drive\/folders\/1BiUc0jNB8nesEgbbS55gXvUCXVQ-PfzK?usp=sharing\">Transparencia Focalizada<\/a><\/p>\n\n\n\n<p><\/p>\n","protected":false},"excerpt":{"rendered":"<p>Informaci\u00f3n mensual. 1-1 Estructura org\u00e1nica funcional. 1-2 Base legal. 1-3 Metas y objetivos. 2 El directorio completo del organismo, dependencia y\/o persona jur\u00eddica, as\u00ed como eldistributivo del personal y su cargo. 3 Las remuneraciones salariales. 4 Detalle de licencia de servicio y de comisi\u00f3n de servicio. 5-22 Servicios \u2013 Formularios<\/p>\n","protected":false},"author":1,"featured_media":0,"parent":0,"menu_order":0,"comment_status":"closed","ping_status":"closed","template":"","meta":{"footnotes":""},"class_list":["post-725","page","type-page","status-publish","hentry"],"_links":{"self":[{"href":"https:\/\/gadpuertorodriguez.gob.ec\/index.php?rest_route=\/wp\/v2\/pages\/725","targetHints":{"allow":["GET"]}}],"collection":[{"href":"https:\/\/gadpuertorodriguez.gob.ec\/index.php?rest_route=\/wp\/v2\/pages"}],"about":[{"href":"https:\/\/gadpuertorodriguez.gob.ec\/index.php?rest_route=\/wp\/v2\/types\/page"}],"author":[{"embeddable":true,"href":"https:\/\/gadpuertorodriguez.gob.ec\/index.php?rest_route=\/wp\/v2\/users\/1"}],"replies":[{"embeddable":true,"href":"https:\/\/gadpuertorodriguez.gob.ec\/index.php?rest_route=%2Fwp%2Fv2%2Fcomments&post=725"}],"version-history":[{"count":3,"href":"https:\/\/gadpuertorodriguez.gob.ec\/index.php?rest_route=\/wp\/v2\/pages\/725\/revisions"}],"predecessor-version":[{"id":729,"href":"https:\/\/gadpuertorodriguez.gob.ec\/index.php?rest_route=\/wp\/v2\/pages\/725\/revisions\/729"}],"wp:attachment":[{"href":"https:\/\/gadpuertorodriguez.gob.ec\/index.php?rest_route=%2Fwp%2Fv2%2Fmedia&parent=725"}],"curies":[{"name":"wp","href":"https:\/\/api.w.org\/{rel}","templated":true}]}}